{"id":95,"date":"2023-05-01T10:43:49","date_gmt":"2023-05-01T10:43:49","guid":{"rendered":"https:\/\/alimar.com.tr\/litweb\/?page_id=95"},"modified":"2024-11-15T13:58:01","modified_gmt":"2024-11-15T13:58:01","slug":"urunler","status":"publish","type":"page","link":"https:\/\/alimar.com.tr\/litweb\/urunler\/","title":{"rendered":"Urunler"},"content":{"rendered":"\t\t<div data-elementor-type=\"wp-page\" data-elementor-id=\"95\" class=\"elementor elementor-95\">\n\t\t\t\t\t\t\t\t\t<section class=\"elementor-section elementor-top-section elementor-element elementor-element-0f38ee7 elementor-section-boxed elementor-section-height-default elementor-section-height-default\" data-id=\"0f38ee7\" data-element_type=\"section\">\n\t\t\t\t\t\t<div class=\"elementor-container elementor-column-gap-default\">\n\t\t\t\t\t<div class=\"elementor-column elementor-col-100 elementor-top-column elementor-element elementor-element-cb1ad00\" data-id=\"cb1ad00\" data-element_type=\"column\">\n\t\t\t<div class=\"elementor-widget-wrap elementor-element-populated\">\n\t\t\t\t\t\t\t\t<div class=\"elementor-element elementor-element-612e45a elementor-widget elementor-widget-image\" data-id=\"612e45a\" data-element_type=\"widget\" data-widget_type=\"image.default\">\n\t\t\t\t<div class=\"elementor-widget-container\">\n\t\t\t<style>\/*! elementor - v3.12.2 - 23-04-2023 *\/\n.elementor-widget-image{text-align:center}.elementor-widget-image a{display:inline-block}.elementor-widget-image a img[src$=\".svg\"]{width:48px}.elementor-widget-image img{vertical-align:middle;display:inline-block}<\/style>\t\t\t\t\t\t\t\t\t\t\t\t<img decoding=\"async\" width=\"1920\" height=\"242\" src=\"https:\/\/alimar.com.tr\/litweb\/wp-content\/uploads\/2023\/06\/litw-4.jpg\" class=\"attachment-full size-full wp-image-240\" alt=\"\" loading=\"lazy\" srcset=\"https:\/\/alimar.com.tr\/litweb\/wp-content\/uploads\/2023\/06\/litw-4.jpg 1920w, https:\/\/alimar.com.tr\/litweb\/wp-content\/uploads\/2023\/06\/litw-4-300x38.jpg 300w, https:\/\/alimar.com.tr\/litweb\/wp-content\/uploads\/2023\/06\/litw-4-1024x129.jpg 1024w, https:\/\/alimar.com.tr\/litweb\/wp-content\/uploads\/2023\/06\/litw-4-768x97.jpg 768w, https:\/\/alimar.com.tr\/litweb\/wp-content\/uploads\/2023\/06\/litw-4-1536x194.jpg 1536w\" sizes=\"(max-width: 1920px) 100vw, 1920px\" \/>\t\t\t\t\t\t\t\t\t\t\t\t\t\t\t<\/div>\n\t\t\t\t<\/div>\n\t\t\t\t\t<\/div>\n\t\t<\/div>\n\t\t\t\t\t\t\t<\/div>\n\t\t<\/section>\n\t\t\t\t<section class=\"elementor-section elementor-top-section elementor-element elementor-element-afbc6d1 elementor-section-boxed elementor-section-height-default elementor-section-height-default\" data-id=\"afbc6d1\" data-element_type=\"section\">\n\t\t\t\t\t\t<div class=\"elementor-container elementor-column-gap-default\">\n\t\t\t\t\t<div class=\"elementor-column elementor-col-20 elementor-top-column elementor-element elementor-element-d0b7a53\" data-id=\"d0b7a53\" data-element_type=\"column\">\n\t\t\t<div class=\"elementor-widget-wrap elementor-element-populated\">\n\t\t\t\t\t\t\t\t<div class=\"elementor-element elementor-element-b046e2c elementor-widget elementor-widget-text-editor\" data-id=\"b046e2c\" data-element_type=\"widget\" data-widget_type=\"text-editor.default\">\n\t\t\t\t<div class=\"elementor-widget-container\">\n\t\t\t<style>\/*! elementor - v3.12.2 - 23-04-2023 *\/\n.elementor-widget-text-editor.elementor-drop-cap-view-stacked .elementor-drop-cap{background-color:#69727d;color:#fff}.elementor-widget-text-editor.elementor-drop-cap-view-framed .elementor-drop-cap{color:#69727d;border:3px solid;background-color:transparent}.elementor-widget-text-editor:not(.elementor-drop-cap-view-default) .elementor-drop-cap{margin-top:8px}.elementor-widget-text-editor:not(.elementor-drop-cap-view-default) .elementor-drop-cap-letter{width:1em;height:1em}.elementor-widget-text-editor .elementor-drop-cap{float:left;text-align:center;line-height:1;font-size:50px}.elementor-widget-text-editor .elementor-drop-cap-letter{display:inline-block}<\/style>\t\t\t\t<p style=\"text-align: center;\"><span style=\"color: #ffffff;\"><b>\u00dcR\u00dcNLER<\/b><\/span><\/p>\t\t\t\t\t\t<\/div>\n\t\t\t\t<\/div>\n\t\t\t\t\t<\/div>\n\t\t<\/div>\n\t\t\t\t<div class=\"elementor-column elementor-col-20 elementor-top-column elementor-element elementor-element-854efea\" data-id=\"854efea\" data-element_type=\"column\">\n\t\t\t<div class=\"elementor-widget-wrap elementor-element-populated\">\n\t\t\t\t\t\t\t\t<div class=\"elementor-element elementor-element-76f918b elementor-widget elementor-widget-text-editor\" data-id=\"76f918b\" data-element_type=\"widget\" data-widget_type=\"text-editor.default\">\n\t\t\t\t<div class=\"elementor-widget-container\">\n\t\t\t\t\t\t\t<p style=\"text-align: center;\"><span style=\"color: #ffffff;\"><strong>SERV\u0130S<br \/><\/strong><\/span><\/p>\t\t\t\t\t\t<\/div>\n\t\t\t\t<\/div>\n\t\t\t\t\t<\/div>\n\t\t<\/div>\n\t\t\t\t<div class=\"elementor-column elementor-col-20 elementor-top-column elementor-element elementor-element-c6f5c72\" data-id=\"c6f5c72\" data-element_type=\"column\">\n\t\t\t<div class=\"elementor-widget-wrap elementor-element-populated\">\n\t\t\t\t\t\t\t\t<div class=\"elementor-element elementor-element-feee87c elementor-widget elementor-widget-text-editor\" data-id=\"feee87c\" data-element_type=\"widget\" data-widget_type=\"text-editor.default\">\n\t\t\t\t<div class=\"elementor-widget-container\">\n\t\t\t\t\t\t\t<p style=\"text-align: center;\"><span style=\"color: #ffffff;\"><strong>YEDEK PAR\u00c7A<\/strong><a style=\"color: #ffffff;\" href=\"https:\/\/alimar.com.tr\/litweb\/yedek-parca\/\"><strong><br \/><\/strong><\/a><\/span><\/p>\t\t\t\t\t\t<\/div>\n\t\t\t\t<\/div>\n\t\t\t\t\t<\/div>\n\t\t<\/div>\n\t\t\t\t<div class=\"elementor-column elementor-col-20 elementor-top-column elementor-element elementor-element-ce09a31\" data-id=\"ce09a31\" data-element_type=\"column\">\n\t\t\t<div class=\"elementor-widget-wrap elementor-element-populated\">\n\t\t\t\t\t\t\t\t<div class=\"elementor-element elementor-element-f29d276 elementor-widget elementor-widget-text-editor\" data-id=\"f29d276\" data-element_type=\"widget\" data-widget_type=\"text-editor.default\">\n\t\t\t\t<div class=\"elementor-widget-container\">\n\t\t\t\t\t\t\t<p style=\"text-align: center;\"><span style=\"color: #ffffff;\"><strong>2. EL K\u0130RALAMA<\/strong><a style=\"color: #ffffff;\" href=\"https:\/\/alimar.com.tr\/litweb\/2el-kiralama\"><strong><br \/><\/strong><\/a><\/span><\/p>\t\t\t\t\t\t<\/div>\n\t\t\t\t<\/div>\n\t\t\t\t\t<\/div>\n\t\t<\/div>\n\t\t\t\t<div class=\"elementor-column elementor-col-20 elementor-top-column elementor-element elementor-element-ba0fdb2\" data-id=\"ba0fdb2\" data-element_type=\"column\">\n\t\t\t<div class=\"elementor-widget-wrap elementor-element-populated\">\n\t\t\t\t\t\t\t\t<div class=\"elementor-element elementor-element-23a14a5 elementor-widget elementor-widget-text-editor\" data-id=\"23a14a5\" data-element_type=\"widget\" data-widget_type=\"text-editor.default\">\n\t\t\t\t<div class=\"elementor-widget-container\">\n\t\t\t\t\t\t\t<p style=\"text-align: center;\"><span style=\"color: #ffffff;\"><strong>GENEL<\/strong><\/span><\/p>\t\t\t\t\t\t<\/div>\n\t\t\t\t<\/div>\n\t\t\t\t\t<\/div>\n\t\t<\/div>\n\t\t\t\t\t\t\t<\/div>\n\t\t<\/section>\n\t\t\t\t<section class=\"elementor-section elementor-top-section elementor-element elementor-element-2c95a00 elementor-section-boxed elementor-section-height-default elementor-section-height-default\" data-id=\"2c95a00\" data-element_type=\"section\">\n\t\t\t\t\t\t<div class=\"elementor-container elementor-column-gap-default\">\n\t\t\t\t\t<div class=\"elementor-column elementor-col-100 elementor-top-column elementor-element elementor-element-f224b4f\" data-id=\"f224b4f\" data-element_type=\"column\">\n\t\t\t<div class=\"elementor-widget-wrap elementor-element-populated\">\n\t\t\t\t\t\t\t\t<div class=\"elementor-element elementor-element-1835316 elementor-align-left elementor-widget elementor-widget-button\" data-id=\"1835316\" data-element_type=\"widget\" data-widget_type=\"button.default\">\n\t\t\t\t<div class=\"elementor-widget-container\">\n\t\t\t\t\t<div class=\"elementor-button-wrapper\">\n\t\t\t<a class=\"elementor-button elementor-size-sm\" role=\"button\">\n\t\t\t\t\t\t<span class=\"elementor-button-content-wrapper\">\n\t\t\t\t\t\t<span class=\"elementor-button-text\">\u00dcr\u00fcn Se\u00e7iniz<\/span>\n\t\t<\/span>\n\t\t\t\t\t<\/a>\n\t\t<\/div>\n\t\t\t\t<\/div>\n\t\t\t\t<\/div>\n\t\t\t\t<div class=\"elementor-element elementor-element-890a6aa elementor-widget elementor-widget-text-editor\" data-id=\"890a6aa\" data-element_type=\"widget\" data-widget_type=\"text-editor.default\">\n\t\t\t\t<div class=\"elementor-widget-container\">\n\t\t\t\t\t\t\t<p><span style=\"color: #333333;\">Dizel Jenerat\u00f6rler<\/span><br \/><span style=\"color: #333333;\">Power Box<\/span><br \/><span style=\"color: #333333;\">Portatif Jenerat\u00f6rler<\/span><br \/><span style=\"color: #333333;\">Ayd\u0131nlatma Kuleleri<\/span><br \/><span style=\"color: #333333;\">Kaynak Jenerat\u00f6rleri<\/span><br \/><span style=\"color: #333333;\">Panolar<\/span><\/p>\t\t\t\t\t\t<\/div>\n\t\t\t\t<\/div>\n\t\t\t\t\t<\/div>\n\t\t<\/div>\n\t\t\t\t\t\t\t<\/div>\n\t\t<\/section>\n\t\t\t\t\t\t\t<\/div>\n\t\t","protected":false},"excerpt":{"rendered":"<p>\u00dcR\u00dcNLER SERV\u0130S YEDEK PAR\u00c7A 2. EL K\u0130RALAMA GENEL \u00dcr\u00fcn Se\u00e7iniz Dizel Jenerat\u00f6rlerPower BoxPortatif Jenerat\u00f6rlerAyd\u0131nlatma KuleleriKaynak Jenerat\u00f6rleriPanolar<\/p>\n","protected":false},"author":1,"featured_media":0,"parent":0,"menu_order":0,"comment_status":"closed","ping_status":"closed","template":"elementor_header_footer","meta":{"hide_page_title":"","_coblocks_attr":"","_coblocks_dimensions":"","_coblocks_responsive_height":"","_coblocks_accordion_ie_support":""},"_links":{"self":[{"href":"https:\/\/alimar.com.tr\/litweb\/wp-json\/wp\/v2\/pages\/95"}],"collection":[{"href":"https:\/\/alimar.com.tr\/litweb\/wp-json\/wp\/v2\/pages"}],"about":[{"href":"https:\/\/alimar.com.tr\/litweb\/wp-json\/wp\/v2\/types\/page"}],"author":[{"embeddable":true,"href":"https:\/\/alimar.com.tr\/litweb\/wp-json\/wp\/v2\/users\/1"}],"replies":[{"embeddable":true,"href":"https:\/\/alimar.com.tr\/litweb\/wp-json\/wp\/v2\/comments?post=95"}],"version-history":[{"count":92,"href":"https:\/\/alimar.com.tr\/litweb\/wp-json\/wp\/v2\/pages\/95\/revisions"}],"predecessor-version":[{"id":10117,"href":"https:\/\/alimar.com.tr\/litweb\/wp-json\/wp\/v2\/pages\/95\/revisions\/10117"}],"wp:attachment":[{"href":"https:\/\/alimar.com.tr\/litweb\/wp-json\/wp\/v2\/media?parent=95"}],"curies":[{"name":"wp","href":"https:\/\/api.w.org\/{rel}","templated":true}]}}