{"id":4587,"date":"2023-09-04T07:10:51","date_gmt":"2023-09-04T07:10:51","guid":{"rendered":"https:\/\/alimar.com.tr\/litweb\/?page_id=4587"},"modified":"2023-09-04T07:12:08","modified_gmt":"2023-09-04T07:12:08","slug":"kaynak-jeneratorler-fotograf-video","status":"publish","type":"page","link":"https:\/\/alimar.com.tr\/litweb\/kaynak-jeneratorler-fotograf-video\/","title":{"rendered":"Kaynak Jenerat\u00f6rler Foto\u011fraf Video"},"content":{"rendered":"\t\t<div data-elementor-type=\"wp-page\" data-elementor-id=\"4587\" class=\"elementor elementor-4587\">\n\t\t\t\t\t\t\t\t\t<section class=\"elementor-section elementor-top-section elementor-element elementor-element-468873c elementor-section-boxed elementor-section-height-default elementor-section-height-default\" data-id=\"468873c\" data-element_type=\"section\">\n\t\t\t\t\t\t<div class=\"elementor-container elementor-column-gap-default\">\n\t\t\t\t\t<div class=\"elementor-column elementor-col-100 elementor-top-column elementor-element elementor-element-69e94d9\" data-id=\"69e94d9\" data-element_type=\"column\">\n\t\t\t<div class=\"elementor-widget-wrap elementor-element-populated\">\n\t\t\t\t\t\t\t\t<div class=\"elementor-element elementor-element-8e9a1d4 elementor-widget elementor-widget-image\" data-id=\"8e9a1d4\" data-element_type=\"widget\" data-widget_type=\"image.default\">\n\t\t\t\t<div class=\"elementor-widget-container\">\n\t\t\t<style>\/*! elementor - v3.12.2 - 23-04-2023 *\/\n.elementor-widget-image{text-align:center}.elementor-widget-image a{display:inline-block}.elementor-widget-image a img[src$=\".svg\"]{width:48px}.elementor-widget-image img{vertical-align:middle;display:inline-block}<\/style>\t\t\t\t\t\t\t\t\t\t\t\t<img decoding=\"async\" width=\"1920\" height=\"242\" src=\"https:\/\/alimar.com.tr\/litweb\/wp-content\/uploads\/2023\/06\/litw-4.jpg\" class=\"attachment-full size-full wp-image-240\" alt=\"\" loading=\"lazy\" srcset=\"https:\/\/alimar.com.tr\/litweb\/wp-content\/uploads\/2023\/06\/litw-4.jpg 1920w, https:\/\/alimar.com.tr\/litweb\/wp-content\/uploads\/2023\/06\/litw-4-300x38.jpg 300w, https:\/\/alimar.com.tr\/litweb\/wp-content\/uploads\/2023\/06\/litw-4-1024x129.jpg 1024w, https:\/\/alimar.com.tr\/litweb\/wp-content\/uploads\/2023\/06\/litw-4-768x97.jpg 768w, https:\/\/alimar.com.tr\/litweb\/wp-content\/uploads\/2023\/06\/litw-4-1536x194.jpg 1536w\" sizes=\"(max-width: 1920px) 100vw, 1920px\" \/>\t\t\t\t\t\t\t\t\t\t\t\t\t\t\t<\/div>\n\t\t\t\t<\/div>\n\t\t\t\t\t<\/div>\n\t\t<\/div>\n\t\t\t\t\t\t\t<\/div>\n\t\t<\/section>\n\t\t\t\t<section class=\"elementor-section elementor-top-section elementor-element elementor-element-78ced81 elementor-section-boxed elementor-section-height-default elementor-section-height-default\" data-id=\"78ced81\" data-element_type=\"section\">\n\t\t\t\t\t\t<div class=\"elementor-container elementor-column-gap-default\">\n\t\t\t\t\t<div class=\"elementor-column elementor-col-20 elementor-top-column elementor-element elementor-element-02ce8f0\" data-id=\"02ce8f0\" data-element_type=\"column\">\n\t\t\t<div class=\"elementor-widget-wrap elementor-element-populated\">\n\t\t\t\t\t\t\t\t<div class=\"elementor-element elementor-element-23ba94b elementor-widget elementor-widget-text-editor\" data-id=\"23ba94b\" data-element_type=\"widget\" data-widget_type=\"text-editor.default\">\n\t\t\t\t<div class=\"elementor-widget-container\">\n\t\t\t<style>\/*! elementor - v3.12.2 - 23-04-2023 *\/\n.elementor-widget-text-editor.elementor-drop-cap-view-stacked .elementor-drop-cap{background-color:#69727d;color:#fff}.elementor-widget-text-editor.elementor-drop-cap-view-framed .elementor-drop-cap{color:#69727d;border:3px solid;background-color:transparent}.elementor-widget-text-editor:not(.elementor-drop-cap-view-default) .elementor-drop-cap{margin-top:8px}.elementor-widget-text-editor:not(.elementor-drop-cap-view-default) .elementor-drop-cap-letter{width:1em;height:1em}.elementor-widget-text-editor .elementor-drop-cap{float:left;text-align:center;line-height:1;font-size:50px}.elementor-widget-text-editor .elementor-drop-cap-letter{display:inline-block}<\/style>\t\t\t\t<p style=\"text-align: center;\"><a href=\"https:\/\/alimar.com.tr\/litweb\/urunler\/\"><span style=\"color: #ffffff;\"><b>\u00dcR\u00dcNLER<\/b><\/span><\/a><\/p>\t\t\t\t\t\t<\/div>\n\t\t\t\t<\/div>\n\t\t\t\t\t<\/div>\n\t\t<\/div>\n\t\t\t\t<div class=\"elementor-column elementor-col-20 elementor-top-column elementor-element elementor-element-a1672f0\" data-id=\"a1672f0\" data-element_type=\"column\">\n\t\t\t<div class=\"elementor-widget-wrap elementor-element-populated\">\n\t\t\t\t\t\t\t\t<div class=\"elementor-element elementor-element-e77a38c elementor-widget elementor-widget-text-editor\" data-id=\"e77a38c\" data-element_type=\"widget\" data-widget_type=\"text-editor.default\">\n\t\t\t\t<div class=\"elementor-widget-container\">\n\t\t\t\t\t\t\t<p style=\"text-align: center;\"><span style=\"color: #ffffff;\"><strong><a style=\"color: #ffffff;\" href=\"https:\/\/alimar.com.tr\/litweb\/servis\">SERV\u0130S<\/a><br \/><\/strong><\/span><\/p>\t\t\t\t\t\t<\/div>\n\t\t\t\t<\/div>\n\t\t\t\t\t<\/div>\n\t\t<\/div>\n\t\t\t\t<div class=\"elementor-column elementor-col-20 elementor-top-column elementor-element elementor-element-2a576ad\" data-id=\"2a576ad\" data-element_type=\"column\">\n\t\t\t<div class=\"elementor-widget-wrap elementor-element-populated\">\n\t\t\t\t\t\t\t\t<div class=\"elementor-element elementor-element-d0da263 elementor-widget elementor-widget-text-editor\" data-id=\"d0da263\" data-element_type=\"widget\" data-widget_type=\"text-editor.default\">\n\t\t\t\t<div class=\"elementor-widget-container\">\n\t\t\t\t\t\t\t<p style=\"text-align: center;\"><span style=\"color: #ffffff;\"><a style=\"color: #ffffff;\" href=\"https:\/\/alimar.com.tr\/litweb\/yedek-parca\/\"><strong>YEDEK PAR\u00c7A<br \/><\/strong><\/a><\/span><\/p>\t\t\t\t\t\t<\/div>\n\t\t\t\t<\/div>\n\t\t\t\t\t<\/div>\n\t\t<\/div>\n\t\t\t\t<div class=\"elementor-column elementor-col-20 elementor-top-column elementor-element elementor-element-23031db\" data-id=\"23031db\" data-element_type=\"column\">\n\t\t\t<div class=\"elementor-widget-wrap elementor-element-populated\">\n\t\t\t\t\t\t\t\t<div class=\"elementor-element elementor-element-c7a9c46 elementor-widget elementor-widget-text-editor\" data-id=\"c7a9c46\" data-element_type=\"widget\" data-widget_type=\"text-editor.default\">\n\t\t\t\t<div class=\"elementor-widget-container\">\n\t\t\t\t\t\t\t<p style=\"text-align: center;\"><span style=\"color: #ffffff;\"><a style=\"color: #ffffff;\" href=\"https:\/\/alimar.com.tr\/litweb\/2el-kiralama\"><strong>2. EL K\u0130RALAMA<br \/><\/strong><\/a><\/span><\/p>\t\t\t\t\t\t<\/div>\n\t\t\t\t<\/div>\n\t\t\t\t\t<\/div>\n\t\t<\/div>\n\t\t\t\t<div class=\"elementor-column elementor-col-20 elementor-top-column elementor-element elementor-element-868796c\" data-id=\"868796c\" data-element_type=\"column\">\n\t\t\t<div class=\"elementor-widget-wrap elementor-element-populated\">\n\t\t\t\t\t\t\t\t<div class=\"elementor-element elementor-element-dbbcfd3 elementor-widget elementor-widget-text-editor\" data-id=\"dbbcfd3\" data-element_type=\"widget\" data-widget_type=\"text-editor.default\">\n\t\t\t\t<div class=\"elementor-widget-container\">\n\t\t\t\t\t\t\t<p style=\"text-align: center;\"><span style=\"color: #ffffff;\"><a style=\"color: #ffffff;\" href=\"https:\/\/alimar.com.tr\/litweb\/genel\"><strong>GENEL<\/strong><\/a><\/span><\/p>\t\t\t\t\t\t<\/div>\n\t\t\t\t<\/div>\n\t\t\t\t\t<\/div>\n\t\t<\/div>\n\t\t\t\t\t\t\t<\/div>\n\t\t<\/section>\n\t\t\t\t<section class=\"elementor-section elementor-top-section elementor-element elementor-element-73f499c elementor-section-boxed elementor-section-height-default elementor-section-height-default\" data-id=\"73f499c\" data-element_type=\"section\">\n\t\t\t\t\t\t<div class=\"elementor-container elementor-column-gap-default\">\n\t\t\t\t\t<div class=\"elementor-column elementor-col-100 elementor-top-column elementor-element elementor-element-00d8667\" data-id=\"00d8667\" data-element_type=\"column\">\n\t\t\t<div class=\"elementor-widget-wrap elementor-element-populated\">\n\t\t\t\t\t\t\t\t<div class=\"elementor-element elementor-element-a4788da elementor-align-left elementor-widget elementor-widget-button\" data-id=\"a4788da\" data-element_type=\"widget\" data-widget_type=\"button.default\">\n\t\t\t\t<div class=\"elementor-widget-container\">\n\t\t\t\t\t<div class=\"elementor-button-wrapper\">\n\t\t\t<a class=\"elementor-button elementor-size-sm\" role=\"button\">\n\t\t\t\t\t\t<span class=\"elementor-button-content-wrapper\">\n\t\t\t\t\t\t<span class=\"elementor-button-text\">Power Box \/ Kalite Belgeleri<\/span>\n\t\t<\/span>\n\t\t\t\t\t<\/a>\n\t\t<\/div>\n\t\t\t\t<\/div>\n\t\t\t\t<\/div>\n\t\t\t\t\t<\/div>\n\t\t<\/div>\n\t\t\t\t\t\t\t<\/div>\n\t\t<\/section>\n\t\t\t\t\t\t\t<\/div>\n\t\t","protected":false},"excerpt":{"rendered":"<p>\u00dcR\u00dcNLER SERV\u0130S YEDEK PAR\u00c7A 2. EL K\u0130RALAMA GENEL Power Box \/ Kalite Belgeleri<\/p>\n","protected":false},"author":1,"featured_media":0,"parent":0,"menu_order":0,"comment_status":"closed","ping_status":"closed","template":"elementor_header_footer","meta":{"hide_page_title":"","_coblocks_attr":"","_coblocks_dimensions":"","_coblocks_responsive_height":"","_coblocks_accordion_ie_support":""},"_links":{"self":[{"href":"https:\/\/alimar.com.tr\/litweb\/wp-json\/wp\/v2\/pages\/4587"}],"collection":[{"href":"https:\/\/alimar.com.tr\/litweb\/wp-json\/wp\/v2\/pages"}],"about":[{"href":"https:\/\/alimar.com.tr\/litweb\/wp-json\/wp\/v2\/types\/page"}],"author":[{"embeddable":true,"href":"https:\/\/alimar.com.tr\/litweb\/wp-json\/wp\/v2\/users\/1"}],"replies":[{"embeddable":true,"href":"https:\/\/alimar.com.tr\/litweb\/wp-json\/wp\/v2\/comments?post=4587"}],"version-history":[{"count":4,"href":"https:\/\/alimar.com.tr\/litweb\/wp-json\/wp\/v2\/pages\/4587\/revisions"}],"predecessor-version":[{"id":4602,"href":"https:\/\/alimar.com.tr\/litweb\/wp-json\/wp\/v2\/pages\/4587\/revisions\/4602"}],"wp:attachment":[{"href":"https:\/\/alimar.com.tr\/litweb\/wp-json\/wp\/v2\/media?parent=4587"}],"curies":[{"name":"wp","href":"https:\/\/api.w.org\/{rel}","templated":true}]}}