{"id":3409,"date":"2023-08-25T06:21:30","date_gmt":"2023-08-25T06:21:30","guid":{"rendered":"https:\/\/alimar.com.tr\/litweb\/?page_id=3409"},"modified":"2024-03-26T08:40:24","modified_gmt":"2024-03-26T08:40:24","slug":"servis","status":"publish","type":"page","link":"https:\/\/alimar.com.tr\/litweb\/servis\/","title":{"rendered":"Servis"},"content":{"rendered":"\t\t<div data-elementor-type=\"wp-page\" data-elementor-id=\"3409\" class=\"elementor elementor-3409\">\n\t\t\t\t\t\t\t\t\t<section class=\"elementor-section elementor-top-section elementor-element elementor-element-d0592be elementor-section-boxed elementor-section-height-default elementor-section-height-default\" data-id=\"d0592be\" data-element_type=\"section\">\n\t\t\t\t\t\t<div class=\"elementor-container elementor-column-gap-default\">\n\t\t\t\t\t<div class=\"elementor-column elementor-col-100 elementor-top-column elementor-element elementor-element-1b9a7b1\" data-id=\"1b9a7b1\" data-element_type=\"column\">\n\t\t\t<div class=\"elementor-widget-wrap elementor-element-populated\">\n\t\t\t\t\t\t\t\t<div class=\"elementor-element elementor-element-0f20038 elementor-widget elementor-widget-image\" data-id=\"0f20038\" data-element_type=\"widget\" data-widget_type=\"image.default\">\n\t\t\t\t<div class=\"elementor-widget-container\">\n\t\t\t<style>\/*! elementor - v3.12.2 - 23-04-2023 *\/\n.elementor-widget-image{text-align:center}.elementor-widget-image a{display:inline-block}.elementor-widget-image a img[src$=\".svg\"]{width:48px}.elementor-widget-image img{vertical-align:middle;display:inline-block}<\/style>\t\t\t\t\t\t\t\t\t\t\t\t<img decoding=\"async\" width=\"1920\" height=\"242\" src=\"https:\/\/alimar.com.tr\/litweb\/wp-content\/uploads\/2023\/06\/litw-4.jpg\" class=\"attachment-full size-full wp-image-240\" alt=\"\" loading=\"lazy\" srcset=\"https:\/\/alimar.com.tr\/litweb\/wp-content\/uploads\/2023\/06\/litw-4.jpg 1920w, https:\/\/alimar.com.tr\/litweb\/wp-content\/uploads\/2023\/06\/litw-4-300x38.jpg 300w, https:\/\/alimar.com.tr\/litweb\/wp-content\/uploads\/2023\/06\/litw-4-1024x129.jpg 1024w, https:\/\/alimar.com.tr\/litweb\/wp-content\/uploads\/2023\/06\/litw-4-768x97.jpg 768w, https:\/\/alimar.com.tr\/litweb\/wp-content\/uploads\/2023\/06\/litw-4-1536x194.jpg 1536w\" sizes=\"(max-width: 1920px) 100vw, 1920px\" \/>\t\t\t\t\t\t\t\t\t\t\t\t\t\t\t<\/div>\n\t\t\t\t<\/div>\n\t\t\t\t\t<\/div>\n\t\t<\/div>\n\t\t\t\t\t\t\t<\/div>\n\t\t<\/section>\n\t\t\t\t<section class=\"elementor-section elementor-top-section elementor-element elementor-element-bcee534 elementor-section-boxed elementor-section-height-default elementor-section-height-default\" data-id=\"bcee534\" data-element_type=\"section\">\n\t\t\t\t\t\t<div class=\"elementor-container elementor-column-gap-default\">\n\t\t\t\t\t<div class=\"elementor-column elementor-col-20 elementor-top-column elementor-element elementor-element-a4b21a9\" data-id=\"a4b21a9\" data-element_type=\"column\">\n\t\t\t<div class=\"elementor-widget-wrap elementor-element-populated\">\n\t\t\t\t\t\t\t\t<div class=\"elementor-element elementor-element-bd60534 elementor-widget elementor-widget-text-editor\" data-id=\"bd60534\" data-element_type=\"widget\" data-widget_type=\"text-editor.default\">\n\t\t\t\t<div class=\"elementor-widget-container\">\n\t\t\t<style>\/*! elementor - v3.12.2 - 23-04-2023 *\/\n.elementor-widget-text-editor.elementor-drop-cap-view-stacked .elementor-drop-cap{background-color:#69727d;color:#fff}.elementor-widget-text-editor.elementor-drop-cap-view-framed .elementor-drop-cap{color:#69727d;border:3px solid;background-color:transparent}.elementor-widget-text-editor:not(.elementor-drop-cap-view-default) .elementor-drop-cap{margin-top:8px}.elementor-widget-text-editor:not(.elementor-drop-cap-view-default) .elementor-drop-cap-letter{width:1em;height:1em}.elementor-widget-text-editor .elementor-drop-cap{float:left;text-align:center;line-height:1;font-size:50px}.elementor-widget-text-editor .elementor-drop-cap-letter{display:inline-block}<\/style>\t\t\t\t<p style=\"text-align: center;\"><span style=\"color: #ffffff;\"><strong><a style=\"color: #ffffff;\" href=\"https:\/\/alimar.com.tr\/litweb\/urunler\">\u00dcR\u00dcNLER<\/a><br \/><\/strong><\/span><\/p>\t\t\t\t\t\t<\/div>\n\t\t\t\t<\/div>\n\t\t\t\t\t<\/div>\n\t\t<\/div>\n\t\t\t\t<div class=\"elementor-column elementor-col-20 elementor-top-column elementor-element elementor-element-6f6a26e\" data-id=\"6f6a26e\" data-element_type=\"column\">\n\t\t\t<div class=\"elementor-widget-wrap elementor-element-populated\">\n\t\t\t\t\t\t\t\t<div class=\"elementor-element elementor-element-6b3f037 elementor-widget elementor-widget-text-editor\" data-id=\"6b3f037\" data-element_type=\"widget\" data-widget_type=\"text-editor.default\">\n\t\t\t\t<div class=\"elementor-widget-container\">\n\t\t\t\t\t\t\t<p style=\"text-align: center;\"><a href=\"https:\/\/alimar.com.tr\/litweb\/servis\/\"><span style=\"color: #ffffff;\"><b>SERV\u0130S<\/b><\/span><\/a><\/p>\t\t\t\t\t\t<\/div>\n\t\t\t\t<\/div>\n\t\t\t\t\t<\/div>\n\t\t<\/div>\n\t\t\t\t<div class=\"elementor-column elementor-col-20 elementor-top-column elementor-element elementor-element-11bc502\" data-id=\"11bc502\" data-element_type=\"column\">\n\t\t\t<div class=\"elementor-widget-wrap elementor-element-populated\">\n\t\t\t\t\t\t\t\t<div class=\"elementor-element elementor-element-dd864b4 elementor-widget elementor-widget-text-editor\" data-id=\"dd864b4\" data-element_type=\"widget\" data-widget_type=\"text-editor.default\">\n\t\t\t\t<div class=\"elementor-widget-container\">\n\t\t\t\t\t\t\t<p style=\"text-align: center;\"><span style=\"color: #ffffff;\"><a style=\"color: #ffffff;\" href=\"https:\/\/alimar.com.tr\/litweb\/yedek-parca\/\"><strong>YEDEK PAR\u00c7A<br \/><\/strong><\/a><\/span><\/p>\t\t\t\t\t\t<\/div>\n\t\t\t\t<\/div>\n\t\t\t\t\t<\/div>\n\t\t<\/div>\n\t\t\t\t<div class=\"elementor-column elementor-col-20 elementor-top-column elementor-element elementor-element-4494751\" data-id=\"4494751\" data-element_type=\"column\">\n\t\t\t<div class=\"elementor-widget-wrap elementor-element-populated\">\n\t\t\t\t\t\t\t\t<div class=\"elementor-element elementor-element-c4bea0b elementor-widget elementor-widget-text-editor\" data-id=\"c4bea0b\" data-element_type=\"widget\" data-widget_type=\"text-editor.default\">\n\t\t\t\t<div class=\"elementor-widget-container\">\n\t\t\t\t\t\t\t<p style=\"text-align: center;\"><span style=\"color: #ffffff;\"><a style=\"color: #ffffff;\" href=\"https:\/\/alimar.com.tr\/litweb\/2el-kiralama\"><strong>2. EL K\u0130RALAMA<br \/><\/strong><\/a><\/span><\/p>\t\t\t\t\t\t<\/div>\n\t\t\t\t<\/div>\n\t\t\t\t\t<\/div>\n\t\t<\/div>\n\t\t\t\t<div class=\"elementor-column elementor-col-20 elementor-top-column elementor-element elementor-element-91d0382\" data-id=\"91d0382\" data-element_type=\"column\">\n\t\t\t<div class=\"elementor-widget-wrap elementor-element-populated\">\n\t\t\t\t\t\t\t\t<div class=\"elementor-element elementor-element-4a6c883 elementor-widget elementor-widget-text-editor\" data-id=\"4a6c883\" data-element_type=\"widget\" data-widget_type=\"text-editor.default\">\n\t\t\t\t<div class=\"elementor-widget-container\">\n\t\t\t\t\t\t\t<p style=\"text-align: center;\"><span style=\"color: #ffffff;\"><a style=\"color: #ffffff;\" href=\"https:\/\/alimar.com.tr\/litweb\/genel\"><strong>GENEL<\/strong><\/a><\/span><\/p>\t\t\t\t\t\t<\/div>\n\t\t\t\t<\/div>\n\t\t\t\t\t<\/div>\n\t\t<\/div>\n\t\t\t\t\t\t\t<\/div>\n\t\t<\/section>\n\t\t\t\t<section class=\"elementor-section elementor-top-section elementor-element elementor-element-142c616 elementor-section-boxed elementor-section-height-default elementor-section-height-default\" data-id=\"142c616\" data-element_type=\"section\">\n\t\t\t\t\t\t<div class=\"elementor-container elementor-column-gap-default\">\n\t\t\t\t\t<div class=\"elementor-column elementor-col-100 elementor-top-column elementor-element elementor-element-fbffbea\" data-id=\"fbffbea\" data-element_type=\"column\">\n\t\t\t<div class=\"elementor-widget-wrap elementor-element-populated\">\n\t\t\t\t\t\t\t\t<div class=\"elementor-element elementor-element-327111f elementor-widget elementor-widget-button\" data-id=\"327111f\" data-element_type=\"widget\" data-widget_type=\"button.default\">\n\t\t\t\t<div class=\"elementor-widget-container\">\n\t\t\t\t\t<div class=\"elementor-button-wrapper\">\n\t\t\t<a class=\"elementor-button elementor-size-sm\" role=\"button\">\n\t\t\t\t\t\t<span class=\"elementor-button-content-wrapper\">\n\t\t\t\t\t\t<span class=\"elementor-button-text\">Servis<\/span>\n\t\t<\/span>\n\t\t\t\t\t<\/a>\n\t\t<\/div>\n\t\t\t\t<\/div>\n\t\t\t\t<\/div>\n\t\t\t\t<div class=\"elementor-element elementor-element-c3cff0f elementor-widget elementor-widget-text-editor\" data-id=\"c3cff0f\" data-element_type=\"widget\" data-widget_type=\"text-editor.default\">\n\t\t\t\t<div class=\"elementor-widget-container\">\n\t\t\t\t\t\t\t<p>Alimar Jenerat\u00f6r, m\u00fc\u015fterilerinin istek ve ihtiya\u00e7lar\u0131 do\u011frultusunda a\u015fa\u011f\u0131daki hizmetleri 7\/24 vermektedir.<\/p><p><strong>Yer ve G\u00fc\u00e7 Tespiti<\/strong><\/p><p>Jenerat\u00f6r sat\u0131n almadan \u00f6nce ihtiya\u00e7lar do\u011frultusunda \u00f6zel \u00e7\u00f6z\u00fcmler i\u00e7in g\u00fc\u00e7 ve yer tespiti yap\u0131lmas\u0131 gerekmektedir. Alimar Yetkili Servisleri taraf\u0131ndan titizlikle yap\u0131lan analiz sonras\u0131nda, siz de\u011ferli m\u00fc\u015fterilerimize en uygun jenerat\u00f6r\u00fc \u00f6nerebiliriz.<\/p><p><strong>Demontaj-Montaj<\/strong><\/p><p>Var olan jenerat\u00f6r\u00fcn\u00fcz\u00fcn yer de\u011fi\u015fimi, eskisinin yerine yenisinin montaj\u0131 veya yeni jenerat\u00f6r montaj i\u015flemleri i\u00e7in demontaj ve montaj hizmetleri verilmektedir.<\/p><p>Sat\u0131n ald\u0131\u011f\u0131n\u0131z jenerat\u00f6r\u00fcn\u00fcz\u00fcn ilk start i\u015flemi, Alimar Yetkili Servisler taraf\u0131ndan \u00fccretsiz olarak sa\u011flanmaktad\u0131r. Yetkili servislerimiz taraf\u0131ndan devreye al\u0131nmayan jenerat\u00f6rler, garanti kapsam d\u0131\u015f\u0131nda kalaca\u011f\u0131 gibi, yer ve \u00e7al\u0131\u015fma \u015fartlar\u0131n\u0131n uygunluk tespiti ve kay\u0131t alt\u0131na al\u0131nmas\u0131n\u0131n da \u00f6n\u00fcne ge\u00e7mektedir. Montaj sonras\u0131 start i\u015flemlerinde jenerat\u00f6rlerin fonksiyon testleri yap\u0131lmakta olup, m\u00fc\u015fterilerimize sundu\u011fumuz \u00fccretsiz hizmetler i\u00e7erisindedir.<\/p><p><strong>Periyodik Bak\u0131m<\/strong><\/p><p>Jenerat\u00f6r\u00fcn\u00fcz\u00fcn her zaman sorunsuz ve kesintisiz sizlere hizmet verebilmesi i\u00e7in d\u00fczenli olarak bak\u0131mlar\u0131n\u0131n yap\u0131lmas\u0131 ve kontrol alt\u0131nda olmas\u0131 b\u00fcy\u00fck \u00f6nem arz etmektedir.<\/p><p>Alimar Jenerat\u00f6r Sat\u0131\u015f Sonras\u0131 Hizmetler Departman\u0131 ile yapaca\u011f\u0131n\u0131z Periyodik Bak\u0131m Anla\u015fmas\u0131 ile y\u00fcksek\u00a0kalite standartlarda, teknik talimatlara uygun olarak jenerat\u00f6r\u00fcn\u00fcz\u00fcn her zaman sorunsuz \u00e7al\u0131\u015fmas\u0131n\u0131 ve daha uzun \u00f6m\u00fcrl\u00fc olarak g\u00f6rev yapmas\u0131n\u0131 sa\u011flayabilirsiniz.<\/p><p>Garanti s\u00fcresi i\u00e7erisinde ya da sonras\u0131nda, Alimar Sat\u0131\u015f Sonras\u0131 Hizmetleri ile Periyodik Bak\u0131m S\u00f6zle\u015fmesi yapman\u0131n sizlere sundu\u011fu \u00f6nemli avantajlar\u0131 k\u0131saca payla\u015fmak istiyoruz.\u00a0<\/p><p>\u221a \u00d6ncelikle Alimar Jenerat\u00f6r\u2019\u00fc en iyi tan\u0131yan, d\u00fczenli olarak e\u011fitimlerini alan, her t\u00fcrl\u00fc yedek par\u00e7as\u0131n\u0131 stoklar\u0131nda bulunduran kurumsal servis yap\u0131s\u0131 ile \u00e7al\u0131\u015f\u0131rs\u0131n\u0131z, b\u00f6yle bir ekip ile \u00e7al\u0131\u015fmak sizlere daha az ar\u0131za, daha az masraf ve daha az zaman kayb\u0131 avantajlar\u0131n\u0131 beraberinde sunacakt\u0131r.<\/p><p>\u221a Sekt\u00f6r\u00fcnde 7 g\u00fcn 24 saat hizmet vermenin sorumlulu\u011funu ta\u015f\u0131yan, yurt i\u00e7i ve yurt d\u0131\u015f\u0131 projelerde yapt\u0131\u011f\u0131 ba\u015far\u0131l\u0131 sat\u0131\u015f sonras\u0131 hizmetler ile donan\u0131ml\u0131 teknik personelini b\u00fcnyesinde bulunduran kurulu\u015fumuzla yapaca\u011f\u0131n\u0131z bak\u0131m anla\u015fmas\u0131 sizlere teknik olarak s\u00fcrekli bir konfor sa\u011flayacakt\u0131r.<\/p><p>\u221a Alimar jenerat\u00f6r\u00fcn\u00fcz\u00fcn\u00a0tam rand\u0131manl\u0131 \u00e7al\u0131\u015fmas\u0131 i\u00e7in gerekli olan her t\u00fcrl\u00fc teknik e\u011fitimi uygulamal\u0131 alm\u0131\u015f, gerekli teknolojik ekipmanlara, alet ve \u00f6l\u00e7\u00fcm cihazlar\u0131na sahip Alimar Profesyonel Saha Ekipleri sayesinde ar\u0131zan\u0131n ekonomik ve h\u0131zl\u0131 \u00e7\u00f6z\u00fcmlenme imkanlar\u0131na sahip olursunuz.<\/p><p>\u221a Sat\u0131n alm\u0131\u015f oldu\u011funuz Alimar jenerat\u00f6r\u00fcn\u00fcz\u00fcn sorunsuz ve performansl\u0131 \u00e7al\u0131\u015fabilmesi i\u00e7in Sat\u0131\u015f Sonras\u0131 Departman\u0131m\u0131z ile yapaca\u011f\u0131n\u0131z Periyodik Bak\u0131m S\u00f6zle\u015fmesi sayesinde, olu\u015fabilecek ar\u0131zalar\u0131 \u00f6nceden tespit etme s\u00fcreci i\u015fletmi\u015f olursunuz. Alimar Profesyonel Saha Ekibimiz periyodik kontrollerde jenerat\u00f6r\u00fcn\u00fcz\u00fcn 34 noktas\u0131nda kritik kontrollerini, testlerini ald\u0131\u011f\u0131 \u00f6zel e\u011fitimlerle yerine getirmektedir.<\/p><p>\u221a Alimar jenerat\u00f6r sahibi olarak, sizin g\u00fcnl\u00fck ve haftal\u0131k bak\u0131m kontrollerini yapman\u0131z yan\u0131nda; ayl\u0131k kontrollerin uzman, e\u011fitimli ve sertifikal\u0131 bir teknisyen taraf\u0131ndan yap\u0131lmas\u0131 jenerat\u00f6r\u00fcn\u00fcz\u00fcn her daim g\u00f6reve haz\u0131r olmas\u0131n\u0131 sa\u011flayacakt\u0131r. S\u00f6zle\u015fme kapsam\u0131 i\u00e7erisinde kalan ar\u0131za ve bak\u0131m hizmetlerinde ayr\u0131ca i\u015f\u00e7ilik \u00fccreti \u00f6demez, 7\/24 g\u00fcvenilir bir ekibin sundu\u011fu hizmet garantisine sahip olursunuz.<\/p><p>\u221a Alimar Sat\u0131\u015f Sonras\u0131 Hizmetler Departman\u0131 olarak, sizlere daha iyi hizmet verebilmek i\u00e7in teknolojik geli\u015fmeleri yak\u0131ndan takip ediyoruz. \u0130\u015f s\u00fcre\u00e7lerinde en modern malzeme ve ekipmanlar\u0131 kullan\u0131yoruz. S\u00fcrekli e\u011fitimin, s\u00fcrd\u00fcr\u00fclebilir kalite standartlar\u0131n\u0131 y\u00fckseltmede olmazsa olmaz oldu\u011funa inan\u0131yoruz. Teknik bilgi seviyemizi s\u00fcrekli g\u00fcncelliyor, geli\u015ftiriyor ve siz de\u011ferli m\u00fc\u015fterilerimize en kaliteli hizmeti sunmay\u0131 hedefliyoruz.<\/p><p>Alimar Jenerat\u00f6r Sat\u0131\u015f Sonras\u0131 Hizmetler birimi. \u201cENERJ\u0130DE \u00c7\u00d6Z\u00dcM ORTA\u011eINIZ\u201c<\/p><p><strong>Yedek Par\u00e7a<\/strong><\/p><p>Alimar Yetkili Servisleri, jenerat\u00f6r\u00fcn\u00fcz\u00fcn tam anlam\u0131yla ihtiyac\u0131 olan kalite ve teknolojide yedek par\u00e7a \u00e7\u00f6z\u00fcmleri ve y\u00fcksek stok kabiliyeti ile kesintisiz g\u00fc\u00e7 konforuna ula\u015fman\u0131z\u0131 sa\u011flar. Teknik servis kadar \u00f6neme sahip olan orijinal yedek par\u00e7a kullan\u0131m\u0131, jenerat\u00f6r\u00fcn\u00fcz\u00fcn \u00f6mr\u00fcn\u00fc ve emre amade zaman\u0131n\u0131 y\u00fckselten \u00f6nemli bir etkendir. Bu nedenle jenerat\u00f6r\u00fcn\u00fcz\u00fcn performans\u0131n\u0131 kaybetmeden uzun y\u0131llar sizlere hizmet verebilmesi i\u00e7in Alimar Yetkili Servisleri taraf\u0131ndan tavsiye edilen orijinal yedek par\u00e7alar\u0131n kullan\u0131lmas\u0131 gerekmektedir. Jenerat\u00f6r\u00fcn\u00fcz i\u00e7in ihtiyac\u0131n\u0131z olan orijinal yedek par\u00e7alar bir telefon uza\u011f\u0131n\u0131zda.\u00a0<\/p><p><strong>Ar\u0131za-M\u00fcdahale Servis Hizmetleri<\/strong><\/p><p>Siz Alimar m\u00fc\u015fterilerine, jenerat\u00f6rlerinizin ar\u0131za veya hizmet d\u0131\u015f\u0131 kalmas\u0131 durumunda 7\/24 hizmet alabilece\u011finiz g\u00fcvenilir servis hizmetinin konforu sunulmaktad\u0131r. Siz sorununuzu bildirin, biz \u00e7\u00f6z\u00fcm sunal\u0131m.<\/p><p><strong>2. El Al\u0131<\/strong><b>m Sat\u0131m ve Kiralama Hizmetleri<\/b><\/p><p>2. El jenerat\u00f6rleriniz uzman kadromuz ile yerinde incelenir ve en optimum fiyatlar ile de\u011ferlendirilir. 2. El jenerat\u00f6rlerde periyodik bak\u0131m anla\u015fmalar\u0131 ile garanti kapsam\u0131na al\u0131nma imkan\u0131 sunmaktad\u0131r. Ayr\u0131ca eski jenerat\u00f6r\u00fcn\u00fcz\u00fc alarak yerine en uygun \u00e7\u00f6z\u00fcm ile Alimar Jenerat\u00f6r kurulum imkan\u0131 sa\u011flamaktay\u0131z.<\/p><p><strong>E\u011fitim<\/strong><\/p><p>M\u00fc\u015fterilerimizin ihtiya\u00e7lar\u0131na ve kat\u0131l\u0131mc\u0131lar\u0131n seviyesine g\u00f6re konusunda tecr\u00fcbeli ve e\u011fitimli teknik personellerimiz ile; ba\u015flang\u0131\u00e7 ve ileri seviye olmak \u00fczere jenerat\u00f6r e\u011fitimi, ayr\u0131ca kullan\u0131m ve bak\u0131mlara y\u00f6nelik temel e\u011fitim hizmetleri sunulmaktad\u0131r.<\/p>\t\t\t\t\t\t<\/div>\n\t\t\t\t<\/div>\n\t\t\t\t\t<\/div>\n\t\t<\/div>\n\t\t\t\t\t\t\t<\/div>\n\t\t<\/section>\n\t\t\t\t\t\t\t<\/div>\n\t\t","protected":false},"excerpt":{"rendered":"<p>\u00dcR\u00dcNLER SERV\u0130S YEDEK PAR\u00c7A 2. EL K\u0130RALAMA GENEL Servis Alimar Jenerat\u00f6r, m\u00fc\u015fterilerinin istek ve ihtiya\u00e7lar\u0131 do\u011frultusunda a\u015fa\u011f\u0131daki hizmetleri 7\/24 vermektedir. Yer ve G\u00fc\u00e7 Tespiti Jenerat\u00f6r sat\u0131n almadan \u00f6nce ihtiya\u00e7lar do\u011frultusunda \u00f6zel \u00e7\u00f6z\u00fcmler i\u00e7in g\u00fc\u00e7 ve yer tespiti yap\u0131lmas\u0131 gerekmektedir. Alimar Yetkili Servisleri taraf\u0131ndan titizlikle yap\u0131lan analiz sonras\u0131nda, siz de\u011ferli m\u00fc\u015fterilerimize en uygun jenerat\u00f6r\u00fc \u00f6nerebiliriz. Demontaj-Montaj [&hellip;]<\/p>\n","protected":false},"author":1,"featured_media":0,"parent":0,"menu_order":0,"comment_status":"closed","ping_status":"closed","template":"elementor_header_footer","meta":{"hide_page_title":"","_coblocks_attr":"","_coblocks_dimensions":"","_coblocks_responsive_height":"","_coblocks_accordion_ie_support":""},"_links":{"self":[{"href":"https:\/\/alimar.com.tr\/litweb\/wp-json\/wp\/v2\/pages\/3409"}],"collection":[{"href":"https:\/\/alimar.com.tr\/litweb\/wp-json\/wp\/v2\/pages"}],"about":[{"href":"https:\/\/alimar.com.tr\/litweb\/wp-json\/wp\/v2\/types\/page"}],"author":[{"embeddable":true,"href":"https:\/\/alimar.com.tr\/litweb\/wp-json\/wp\/v2\/users\/1"}],"replies":[{"embeddable":true,"href":"https:\/\/alimar.com.tr\/litweb\/wp-json\/wp\/v2\/comments?post=3409"}],"version-history":[{"count":46,"href":"https:\/\/alimar.com.tr\/litweb\/wp-json\/wp\/v2\/pages\/3409\/revisions"}],"predecessor-version":[{"id":9677,"href":"https:\/\/alimar.com.tr\/litweb\/wp-json\/wp\/v2\/pages\/3409\/revisions\/9677"}],"wp:attachment":[{"href":"https:\/\/alimar.com.tr\/litweb\/wp-json\/wp\/v2\/media?parent=3409"}],"curies":[{"name":"wp","href":"https:\/\/api.w.org\/{rel}","templated":true}]}}